{"id":28,"date":"2023-04-14T01:35:15","date_gmt":"2023-04-14T04:35:15","guid":{"rendered":"https:\/\/infinita.art.br\/?page_id=28"},"modified":"2024-01-16T03:14:26","modified_gmt":"2024-01-16T06:14:26","slug":"loja-virtual","status":"publish","type":"page","link":"https:\/\/infinita.art.br\/index.php\/loja-virtual\/","title":{"rendered":"LOJA VIRTUAL"},"content":{"rendered":"\t\t<div data-elementor-type=\"wp-page\" data-elementor-id=\"28\" class=\"elementor elementor-28\">\n\t\t\t\t\t\t\t<div class=\"elementor-element elementor-element-36f83f1 e-con-boxed e-con\" data-id=\"36f83f1\" data-element_type=\"container\" data-settings=\"{&quot;content_width&quot;:&quot;boxed&quot;}\">\n\t\t\t\t\t<div class=\"e-con-inner\">\n\t\t<div class=\"elementor-element elementor-element-71c1f90 e-con-full e-con\" data-id=\"71c1f90\" data-element_type=\"container\" data-settings=\"{&quot;content_width&quot;:&quot;full&quot;}\">\n\t\t\t\t<div class=\"elementor-element elementor-element-c47d16f elementor-widget elementor-widget-text-editor\" data-id=\"c47d16f\" data-element_type=\"widget\" data-widget_type=\"text-editor.default\">\n\t\t\t\t<div class=\"elementor-widget-container\">\n\t\t\t<style>\/*! elementor - v3.12.1 - 02-04-2023 *\/\n.elementor-widget-text-editor.elementor-drop-cap-view-stacked .elementor-drop-cap{background-color:#69727d;color:#fff}.elementor-widget-text-editor.elementor-drop-cap-view-framed .elementor-drop-cap{color:#69727d;border:3px solid;background-color:transparent}.elementor-widget-text-editor:not(.elementor-drop-cap-view-default) .elementor-drop-cap{margin-top:8px}.elementor-widget-text-editor:not(.elementor-drop-cap-view-default) .elementor-drop-cap-letter{width:1em;height:1em}.elementor-widget-text-editor .elementor-drop-cap{float:left;text-align:center;line-height:1;font-size:50px}.elementor-widget-text-editor .elementor-drop-cap-letter{display:inline-block}<\/style>\t\t\t\t<h3 style=\"text-align: center;\"><strong><span style=\"color: #ffffff;\">Loja Virtual Pro 1<\/span><\/strong><\/h3><p style=\"text-align: center;\">Plano Anual<\/p><p style=\"text-align: center;\"><span style=\"font-family: var( --e-global-typography-text-font-family ), Sans-serif;\"><span style=\"color: #ffff00; font-size: 1.41575em;\"><b>R$ 200,20 \/ m\u00eas*<\/b><\/span><\/span><\/p><p style=\"text-align: center;\">ou R$ 1.999,00 \u00e0 vista<\/p><p><span style=\"color: var( --e-global-color-text ); font-family: var( --e-global-typography-text-font-family ), Sans-serif; font-weight: var( --e-global-typography-text-font-weight );\">&#8211; At\u00e9 50 produtos<br \/>&#8211; 1 ano de hospedagem da loja virtual<br \/><\/span><span style=\"color: var( --e-global-color-text ); font-family: var( --e-global-typography-text-font-family ), Sans-serif; font-weight: var( --e-global-typography-text-font-weight );\">&#8211; 02 contas de e-mail<br \/><\/span><span style=\"color: var( --e-global-color-text ); font-family: var( --e-global-typography-text-font-family ), Sans-serif; font-weight: var( --e-global-typography-text-font-weight );\">&#8211; Cria\u00e7\u00e3o da loja virtual<\/span><span style=\"color: var( --e-global-color-text ); font-family: var( --e-global-typography-text-font-family ), Sans-serif; font-weight: var( --e-global-typography-text-font-weight );\"><br \/><\/span><span style=\"color: var( --e-global-color-text ); font-family: var( --e-global-typography-text-font-family ), Sans-serif; font-weight: var( --e-global-typography-text-font-weight );\">&#8211; Painel Administrativo<\/span><span style=\"color: var( --e-global-color-text ); font-family: var( --e-global-typography-text-font-family ), Sans-serif; font-weight: var( --e-global-typography-text-font-weight );\"><br \/><\/span><\/p><h3 style=\"text-align: center;\"><a href=\"https:\/\/pag.ae\/7-9HGYLr8\" target=\"_blank\" rel=\"noopener\"><strong>COMPRAR<\/strong><\/a><\/h3><div>\u00a0<\/div>\t\t\t\t\t\t<\/div>\n\t\t\t\t<\/div>\n\t\t\t\t<\/div>\n\t\t<div class=\"elementor-element elementor-element-88dab6e e-con-full e-con\" data-id=\"88dab6e\" data-element_type=\"container\" data-settings=\"{&quot;content_width&quot;:&quot;full&quot;}\">\n\t\t\t\t<div class=\"elementor-element elementor-element-a34857e elementor-widget elementor-widget-text-editor\" data-id=\"a34857e\" data-element_type=\"widget\" data-widget_type=\"text-editor.default\">\n\t\t\t\t<div class=\"elementor-widget-container\">\n\t\t\t\t\t\t\t<h3 style=\"text-align: center;\"><strong><span style=\"color: #ffffff;\">Loja Virtual Ilimitada<br \/><\/span><\/strong><\/h3><p style=\"text-align: center;\">Plano Anual<\/p><p style=\"text-align: center;\"><span style=\"font-family: var( --e-global-typography-text-font-family ), Sans-serif;\"><span style=\"color: #ffff00; font-size: 1.41575em;\"><b>R$ 279,42 \/ m\u00eas*<\/b><\/span><\/span><\/p><p style=\"text-align: center;\">ou R$ 2.790,00 \u00e0 vista<\/p><p><span style=\"color: var( --e-global-color-text ); font-family: var( --e-global-typography-text-font-family ), Sans-serif; font-weight: var( --e-global-typography-text-font-weight );\">&#8211; Produtos Ilimitados <br \/>&#8211; 1 ano de hospedagem da loja virtual<br \/><\/span><span style=\"color: var( --e-global-color-text ); font-family: var( --e-global-typography-text-font-family ), Sans-serif; font-weight: var( --e-global-typography-text-font-weight );\">&#8211; 05 contas de e-mail<br \/><\/span><span style=\"color: var( --e-global-color-text ); font-family: var( --e-global-typography-text-font-family ), Sans-serif; font-weight: var( --e-global-typography-text-font-weight );\">&#8211; Cria\u00e7\u00e3o da loja virtual<\/span><span style=\"color: var( --e-global-color-text ); font-family: var( --e-global-typography-text-font-family ), Sans-serif; font-weight: var( --e-global-typography-text-font-weight );\"><br \/><\/span><span style=\"color: var( --e-global-color-text ); font-family: var( --e-global-typography-text-font-family ), Sans-serif; font-weight: var( --e-global-typography-text-font-weight );\">&#8211; Painel Administrativo<\/span><span style=\"color: var( --e-global-color-text ); font-family: var( --e-global-typography-text-font-family ), Sans-serif; font-weight: var( --e-global-typography-text-font-weight );\"><br \/><\/span><\/p><h3 style=\"text-align: center;\"><a href=\"https:\/\/pag.ae\/7Yv2a_BM8\"><strong>COMPRAR<\/strong><\/a><\/h3><div>\u00a0<\/div>\t\t\t\t\t\t<\/div>\n\t\t\t\t<\/div>\n\t\t\t\t<\/div>\n\t\t\t\t\t<\/div>\n\t\t\t\t<\/div>\n\t\t\t\t\t\t\t<\/div>\n\t\t","protected":false},"excerpt":{"rendered":"<p>Loja Virtual Pro 1 Plano Anual R$ 200,20 \/ m\u00eas* ou R$ 1.999,00 \u00e0 vista &#8211; At\u00e9 50 produtos&#8211; 1 ano de hospedagem da loja virtual&#8211; 02 contas de e-mail&#8211; Cria\u00e7\u00e3o da loja virtual&#8211; Painel Administrativo COMPRAR \u00a0 Loja Virtual Ilimitada Plano Anual R$ 279,42 \/ m\u00eas* ou R$ 2.790,00 \u00e0 vista &#8211; Produtos Ilimitados [&hellip;]<\/p>\n","protected":false},"author":1,"featured_media":0,"parent":0,"menu_order":0,"comment_status":"closed","ping_status":"closed","template":"","meta":{"footnotes":""},"class_list":["post-28","page","type-page","status-publish","hentry"],"_links":{"self":[{"href":"https:\/\/infinita.art.br\/index.php\/wp-json\/wp\/v2\/pages\/28"}],"collection":[{"href":"https:\/\/infinita.art.br\/index.php\/wp-json\/wp\/v2\/pages"}],"about":[{"href":"https:\/\/infinita.art.br\/index.php\/wp-json\/wp\/v2\/types\/page"}],"author":[{"embeddable":true,"href":"https:\/\/infinita.art.br\/index.php\/wp-json\/wp\/v2\/users\/1"}],"replies":[{"embeddable":true,"href":"https:\/\/infinita.art.br\/index.php\/wp-json\/wp\/v2\/comments?post=28"}],"version-history":[{"count":34,"href":"https:\/\/infinita.art.br\/index.php\/wp-json\/wp\/v2\/pages\/28\/revisions"}],"predecessor-version":[{"id":135,"href":"https:\/\/infinita.art.br\/index.php\/wp-json\/wp\/v2\/pages\/28\/revisions\/135"}],"wp:attachment":[{"href":"https:\/\/infinita.art.br\/index.php\/wp-json\/wp\/v2\/media?parent=28"}],"curies":[{"name":"wp","href":"https:\/\/api.w.org\/{rel}","templated":true}]}}